{"id":71,"date":"2022-05-07T07:29:05","date_gmt":"2022-05-07T05:29:05","guid":{"rendered":"https:\/\/www.hausmeisterservice-schamel.de\/wordpress\/?page_id=71"},"modified":"2022-05-07T11:15:15","modified_gmt":"2022-05-07T09:15:15","slug":"unser-partner","status":"publish","type":"page","link":"https:\/\/www.hausmeisterservice-schamel.de\/wordpress\/unser-partner\/","title":{"rendered":"Unser Partner"},"content":{"rendered":"\n<h2 class=\"wp-block-heading\">Unsere Partner<\/h2>\n\n\n\n<div class=\"wp-block-image is-style-rounded\"><figure class=\"aligncenter size-full is-resized\"><img loading=\"lazy\" decoding=\"async\" src=\"https:\/\/www.hausmeisterservice-schamel.de\/wordpress\/wp-content\/uploads\/2022\/05\/2360_e1461676105838.jpg\" alt=\"\" class=\"wp-image-124\" width=\"456\" height=\"339\" srcset=\"https:\/\/www.hausmeisterservice-schamel.de\/wp-content\/uploads\/2022\/05\/2360_e1461676105838.jpg 481w, https:\/\/www.hausmeisterservice-schamel.de\/wp-content\/uploads\/2022\/05\/2360_e1461676105838-300x223.jpg 300w, https:\/\/www.hausmeisterservice-schamel.de\/wp-content\/uploads\/2022\/05\/2360_e1461676105838-150x112.jpg 150w\" sizes=\"auto, (max-width: 456px) 100vw, 456px\" \/><\/figure><\/div>\n\n\n\n<p>Unser Partner f\u00fcr alle Fragen zum Thema Entsorgung ist die Firma Horn Entsorgungsdienste in Oelsnitz\/Erzgebirge OT Neuw\u00fcrschnitz<br>Gern kn\u00fcpfen wir f\u00fcr sie den Kontakt. Rufen Sie uns an, oder hier &gt;&gt;&gt; www.esd-horn.de<\/p>\n\n\n\n<div class=\"wp-block-columns is-layout-flex wp-container-core-columns-is-layout-9d6595d7 wp-block-columns-is-layout-flex\">\n<div class=\"wp-block-column is-layout-flow wp-block-column-is-layout-flow\">\n<figure class=\"wp-block-image size-full\"><img loading=\"lazy\" decoding=\"async\" width=\"485\" height=\"357\" src=\"https:\/\/www.hausmeisterservice-schamel.de\/wordpress\/wp-content\/uploads\/2022\/05\/2361_e1461676034779.jpg\" alt=\"\" class=\"wp-image-120\" srcset=\"https:\/\/www.hausmeisterservice-schamel.de\/wp-content\/uploads\/2022\/05\/2361_e1461676034779.jpg 485w, https:\/\/www.hausmeisterservice-schamel.de\/wp-content\/uploads\/2022\/05\/2361_e1461676034779-300x221.jpg 300w, https:\/\/www.hausmeisterservice-schamel.de\/wp-content\/uploads\/2022\/05\/2361_e1461676034779-150x110.jpg 150w\" sizes=\"auto, (max-width: 485px) 100vw, 485px\" \/><\/figure>\n<\/div>\n\n\n\n<div class=\"wp-block-column is-layout-flow wp-block-column-is-layout-flow\">\n<figure class=\"wp-block-image size-large\"><img loading=\"lazy\" decoding=\"async\" width=\"1024\" height=\"724\" src=\"https:\/\/www.hausmeisterservice-schamel.de\/wordpress\/wp-content\/uploads\/2022\/05\/Horn1-1024x724.jpg\" alt=\"\" class=\"wp-image-122\" srcset=\"https:\/\/www.hausmeisterservice-schamel.de\/wp-content\/uploads\/2022\/05\/Horn1-1024x724.jpg 1024w, https:\/\/www.hausmeisterservice-schamel.de\/wp-content\/uploads\/2022\/05\/Horn1-300x212.jpg 300w, https:\/\/www.hausmeisterservice-schamel.de\/wp-content\/uploads\/2022\/05\/Horn1-768x543.jpg 768w, https:\/\/www.hausmeisterservice-schamel.de\/wp-content\/uploads\/2022\/05\/Horn1-150x106.jpg 150w, https:\/\/www.hausmeisterservice-schamel.de\/wp-content\/uploads\/2022\/05\/Horn1.jpg 1222w\" sizes=\"auto, (max-width: 1024px) 100vw, 1024px\" \/><\/figure>\n<\/div>\n\n\n\n<div class=\"wp-block-column is-layout-flow wp-block-column-is-layout-flow\">\n<figure class=\"wp-block-image size-full\"><img loading=\"lazy\" decoding=\"async\" width=\"480\" height=\"356\" src=\"https:\/\/www.hausmeisterservice-schamel.de\/wordpress\/wp-content\/uploads\/2022\/05\/2359_e1461676132923.jpg\" alt=\"\" class=\"wp-image-123\" srcset=\"https:\/\/www.hausmeisterservice-schamel.de\/wp-content\/uploads\/2022\/05\/2359_e1461676132923.jpg 480w, https:\/\/www.hausmeisterservice-schamel.de\/wp-content\/uploads\/2022\/05\/2359_e1461676132923-300x223.jpg 300w, https:\/\/www.hausmeisterservice-schamel.de\/wp-content\/uploads\/2022\/05\/2359_e1461676132923-150x111.jpg 150w\" sizes=\"auto, (max-width: 480px) 100vw, 480px\" \/><\/figure>\n<\/div>\n<\/div>\n","protected":false},"excerpt":{"rendered":"<p>Unsere Partner Unser Partner f\u00fcr alle Fragen zum Thema Entsorgung ist die Firma Horn Entsorgungsdienste in Oelsnitz\/Erzgebirge OT Neuw\u00fcrschnitzGern kn\u00fcpfen wir f\u00fcr sie den Kontakt. Rufen Sie uns an, oder hier &gt;&gt;&gt; www.esd-horn.de<\/p>\n<p class=\"continue-reading-button\"> <a class=\"continue-reading-link\" href=\"https:\/\/www.hausmeisterservice-schamel.de\/wordpress\/unser-partner\/\">Continue reading<i class=\"crycon-right-dir\"><\/i><\/a><\/p>\n","protected":false},"author":1,"featured_media":0,"parent":0,"menu_order":0,"comment_status":"closed","ping_status":"closed","template":"","meta":{"footnotes":""},"class_list":["post-71","page","type-page","status-publish","hentry"],"_links":{"self":[{"href":"https:\/\/www.hausmeisterservice-schamel.de\/wordpress\/wp-json\/wp\/v2\/pages\/71","targetHints":{"allow":["GET"]}}],"collection":[{"href":"https:\/\/www.hausmeisterservice-schamel.de\/wordpress\/wp-json\/wp\/v2\/pages"}],"about":[{"href":"https:\/\/www.hausmeisterservice-schamel.de\/wordpress\/wp-json\/wp\/v2\/types\/page"}],"author":[{"embeddable":true,"href":"https:\/\/www.hausmeisterservice-schamel.de\/wordpress\/wp-json\/wp\/v2\/users\/1"}],"replies":[{"embeddable":true,"href":"https:\/\/www.hausmeisterservice-schamel.de\/wordpress\/wp-json\/wp\/v2\/comments?post=71"}],"version-history":[{"count":3,"href":"https:\/\/www.hausmeisterservice-schamel.de\/wordpress\/wp-json\/wp\/v2\/pages\/71\/revisions"}],"predecessor-version":[{"id":126,"href":"https:\/\/www.hausmeisterservice-schamel.de\/wordpress\/wp-json\/wp\/v2\/pages\/71\/revisions\/126"}],"wp:attachment":[{"href":"https:\/\/www.hausmeisterservice-schamel.de\/wordpress\/wp-json\/wp\/v2\/media?parent=71"}],"curies":[{"name":"wp","href":"https:\/\/api.w.org\/{rel}","templated":true}]}}