{"id":69,"date":"2022-05-07T07:28:36","date_gmt":"2022-05-07T05:28:36","guid":{"rendered":"https:\/\/www.hausmeisterservice-schamel.de\/wordpress\/?page_id=69"},"modified":"2022-05-07T11:09:58","modified_gmt":"2022-05-07T09:09:58","slug":"unsere-dienstleistungen","status":"publish","type":"page","link":"https:\/\/www.hausmeisterservice-schamel.de\/wordpress\/unsere-dienstleistungen\/","title":{"rendered":"Unsere Dienstleistungen"},"content":{"rendered":"\n<h2 class=\"wp-block-heading\">Unsere Dienstleistungen<\/h2>\n\n\n\n<ul class=\"wp-block-list\"><li>Pflege von Blumen-, Beet- und Gr\u00fcnanlagen<\/li><li>Winterdienst<\/li><li>Rasen m\u00e4hen und pflegen<\/li><li>Strauchschnitt<\/li><li>Hecken- und Baumschnitt<\/li><li>Baumf\u00e4llarbeiten<\/li><li>Transport von Sch\u00fcttgut<\/li><li>Bepflanzungen<\/li><\/ul>\n","protected":false},"excerpt":{"rendered":"<p>Unsere Dienstleistungen Pflege von Blumen-, Beet- und Gr\u00fcnanlagen Winterdienst Rasen m\u00e4hen und pflegen Strauchschnitt Hecken- und Baumschnitt Baumf\u00e4llarbeiten Transport von Sch\u00fcttgut Bepflanzungen<\/p>\n<p class=\"continue-reading-button\"> <a class=\"continue-reading-link\" href=\"https:\/\/www.hausmeisterservice-schamel.de\/wordpress\/unsere-dienstleistungen\/\">Continue reading<i class=\"crycon-right-dir\"><\/i><\/a><\/p>\n","protected":false},"author":1,"featured_media":0,"parent":0,"menu_order":0,"comment_status":"closed","ping_status":"closed","template":"","meta":{"footnotes":""},"class_list":["post-69","page","type-page","status-publish","hentry"],"_links":{"self":[{"href":"https:\/\/www.hausmeisterservice-schamel.de\/wordpress\/wp-json\/wp\/v2\/pages\/69","targetHints":{"allow":["GET"]}}],"collection":[{"href":"https:\/\/www.hausmeisterservice-schamel.de\/wordpress\/wp-json\/wp\/v2\/pages"}],"about":[{"href":"https:\/\/www.hausmeisterservice-schamel.de\/wordpress\/wp-json\/wp\/v2\/types\/page"}],"author":[{"embeddable":true,"href":"https:\/\/www.hausmeisterservice-schamel.de\/wordpress\/wp-json\/wp\/v2\/users\/1"}],"replies":[{"embeddable":true,"href":"https:\/\/www.hausmeisterservice-schamel.de\/wordpress\/wp-json\/wp\/v2\/comments?post=69"}],"version-history":[{"count":3,"href":"https:\/\/www.hausmeisterservice-schamel.de\/wordpress\/wp-json\/wp\/v2\/pages\/69\/revisions"}],"predecessor-version":[{"id":119,"href":"https:\/\/www.hausmeisterservice-schamel.de\/wordpress\/wp-json\/wp\/v2\/pages\/69\/revisions\/119"}],"wp:attachment":[{"href":"https:\/\/www.hausmeisterservice-schamel.de\/wordpress\/wp-json\/wp\/v2\/media?parent=69"}],"curies":[{"name":"wp","href":"https:\/\/api.w.org\/{rel}","templated":true}]}}